{"id":28,"date":"2019-09-19T11:48:19","date_gmt":"2019-09-19T09:48:19","guid":{"rendered":"https:\/\/cloud.mso-hef.de\/obl-shop\/index.php\/impressum-2\/"},"modified":"2020-01-13T11:00:54","modified_gmt":"2020-01-13T10:00:54","slug":"impressum-2","status":"publish","type":"page","link":"https:\/\/cloud.mso-hef.de\/obl-shop\/index.php\/impressum-2\/","title":{"rendered":"Impressum"},"content":{"rendered":"\n<h1>Impressum<\/h1><p>Obersberger Landhausbau GmbH<br>   \nAm Obersberg 25<br>   \n36251   \nBad Hersfeld<br>   \nE-Mail DE01OBL@zuef-edu.de<br>   \nTel 066219594135<br>   \nFax <br><\/p>\nGesch\u00e4ftsf\u00fchrer\n<p>Karl-Heinz Ansch\u00fctz<br><\/p><p>Registergericht: Amtsgericht Essen,  HRB 2960<\/p><p>Ust-IdNr: DE214194211<\/p><strong>\nhttp:\/\/www.agb.de&#8220;>Gratis Impressum<\/a> von agb.de<\/i>\n","protected":false},"excerpt":{"rendered":"<p>Impressum Obersberger Landhausbau GmbH Am Obersberg 25 36251 Bad Hersfeld E-Mail DE01OBL@zuef-edu.de Tel 066219594135 Fax Gesch\u00e4ftsf\u00fchrer Karl-Heinz Ansch\u00fctz Registergericht: Amtsgericht Essen, HRB 2960 Ust-IdNr: DE214194211 http:\/\/www.agb.de&#8220;>Gratis Impressum von agb.de<\/p>\n","protected":false},"author":1,"featured_media":0,"parent":0,"menu_order":0,"comment_status":"closed","ping_status":"closed","template":"","meta":{"footnotes":""},"class_list":["post-28","page","type-page","status-publish","hentry"],"_links":{"self":[{"href":"https:\/\/cloud.mso-hef.de\/obl-shop\/index.php\/wp-json\/wp\/v2\/pages\/28","targetHints":{"allow":["GET"]}}],"collection":[{"href":"https:\/\/cloud.mso-hef.de\/obl-shop\/index.php\/wp-json\/wp\/v2\/pages"}],"about":[{"href":"https:\/\/cloud.mso-hef.de\/obl-shop\/index.php\/wp-json\/wp\/v2\/types\/page"}],"author":[{"embeddable":true,"href":"https:\/\/cloud.mso-hef.de\/obl-shop\/index.php\/wp-json\/wp\/v2\/users\/1"}],"replies":[{"embeddable":true,"href":"https:\/\/cloud.mso-hef.de\/obl-shop\/index.php\/wp-json\/wp\/v2\/comments?post=28"}],"version-history":[{"count":8,"href":"https:\/\/cloud.mso-hef.de\/obl-shop\/index.php\/wp-json\/wp\/v2\/pages\/28\/revisions"}],"predecessor-version":[{"id":360,"href":"https:\/\/cloud.mso-hef.de\/obl-shop\/index.php\/wp-json\/wp\/v2\/pages\/28\/revisions\/360"}],"wp:attachment":[{"href":"https:\/\/cloud.mso-hef.de\/obl-shop\/index.php\/wp-json\/wp\/v2\/media?parent=28"}],"curies":[{"name":"wp","href":"https:\/\/api.w.org\/{rel}","templated":true}]}}