{"id":27,"date":"2019-09-19T11:48:19","date_gmt":"2019-09-19T09:48:19","guid":{"rendered":"https:\/\/cloud.mso-hef.de\/obl-shop\/index.php\/datenschutzbelehrung\/"},"modified":"2020-01-13T11:01:59","modified_gmt":"2020-01-13T10:01:59","slug":"datenschutzbelehrung","status":"publish","type":"page","link":"https:\/\/cloud.mso-hef.de\/obl-shop\/index.php\/datenschutzbelehrung\/","title":{"rendered":"Datenschutzbelehrung"},"content":{"rendered":"\n<p>Haftung f\u00fcr Inhalte<\/p>\n\n\n\n<p>\nDie Inhalte unserer Seiten wurden mit gr\u00f6\u00dfter Sorgfalt erstellt. F\u00fcr die Richtigkeit, \nVollst\u00e4ndigkeit und Aktualit\u00e4t der Inhalte k\u00f6nnen wir jedoch keine Gew\u00e4hr \u00fcbernehmen. \nAls Diensteanbieter sind wir gem\u00e4\u00df \u00a7 7 Abs.1 TMG f\u00fcr eigene Inhalte auf diesen Seiten \nnach den allgemeinen Gesetzen verantwortlich. Nach \u00a7\u00a7 8 bis 10 TMG sind wir als Diensteanbieter \njedoch nicht verpflichtet, \u00fcbermittelte oder gespeicherte fremde Informationen zu \u00fcberwachen \noder nach Umst\u00e4nden zu forschen, die auf eine rechtswidrige T\u00e4tigkeit hinweisen. \nVerpflichtungen zur Entfernung oder Sperrung der Nutzung von Informationen nach den allgemeinen \nGesetzen bleiben hiervon unber\u00fchrt. Eine diesbez\u00fcgliche Haftung ist jedoch erst ab dem Zeitpunkt \nder Kenntnis einer konkreten Rechtsverletzung m\u00f6glich. Bei Bekanntwerden von entsprechenden \nRechtsverletzungen werden wir diese Inhalte umgehend entfernen.<strong>\nDatenschutz<\/strong><\/p>\n\n\n\n<p>\nDie Nutzung unserer Webseite ist in der Regel ohne eine Angabe personenbezogener Daten m\u00f6glich. Soweit auf unseren Seiten personenbezogene Daten (beispielsweise Name, Anschrift oder E-Mail-Adresse) erhoben werden, erfolgt dies \u2013 soweit es m\u00f6glich ist\u2013 immer auf freiwilliger Basis. Wir geben Ihre Daten ohne Ihre ausdr\u00fcckliche Zustimmung nicht an Dritte weiter. Au\u00dferdem weisen wir Sie darauf hin, dass die Daten\u00fcbertragung im Internet (wie beispielsweise bei der Kommunikation \u00fcber E-Mail) Sicherheitsl\u00fccken aufweisen kann. Denn ein l\u00fcckenloser Schutz der Daten vor dem Zugriff durch Dritte ist nicht m\u00f6glich. Wir widersprechen hiermit ausdr\u00fccklich der Nutzung von im Rahmen der Impressumspflicht ver\u00f6ffentlichten Kontaktdaten durch Dritte zur \u00dcbersendung von nicht ausdr\u00fccklich angeforderter Werbung und Informationsmaterialien. Die Betreiber dieser Seiten behalten sich ausdr\u00fccklich vor, im Fall der unverlangten Zusendung von Werbeinformationen, etwa durch Spam-Mails, rechtliche Schritte einzuleiten.<strong>\nGoogle Analytics<\/strong><\/p>\n\n\n\n<p><br>\nDiese Website benutzt Google Analytics, einen Webanalysedienst der Google Inc. (&#8220;Google&#8220;). <br>\nGoogle Analytics verwendet sog. &#8220;Cookies&#8220;, Textdateien, die auf Ihrem Computer gespeichert werden <br>\nund die eine Analyse der Benutzung der Website durch Sie erm\u00f6glicht. Die durch den Cookie erzeugten <br>\nInformationen \u00fcber Ihre Benutzung diese Website (einschlie\u00dflich Ihrer IP-Adresse) wird an einen Server <br>\nvon Google in den USA \u00fcbertragen und dort gespeichert. Google wird diese Informationen benutzen, <br>\num Ihre Nutzung der Website auszuwerten, um Reports \u00fcber die Websiteaktivit\u00e4ten f\u00fcr die Websitebetreiber <br>\nzusammenzustellen und um weitere mit der Websitenutzung und der Internetnutzung verbundene <br>\nDienstleistungen zu erbringen. Auch wird Google diese Informationen gegebenenfalls an Dritte \u00fcbertragen, <br>\nsofern dies gesetzlich vorgeschrieben oder soweit Dritte diese Daten im Auftrag von Google verarbeiten. <br>\nGoogle wird in keinem Fall Ihre IP-Adresse mit anderen Daten der Google in Verbindung bringen. <br>\nSie k\u00f6nnen die Installation der Cookies durch eine entsprechende Einstellung Ihrer Browser Software <br>\nverhindern; wir weisen Sie jedoch darauf hin, dass Sie in diesem Fall gegebenenfalls nicht s\u00e4mtliche <br>\nFunktionen dieser Website voll umf\u00e4nglich nutzen k\u00f6nnen. Durch die Nutzung dieser Website erkl\u00e4ren <br>\nSie sich mit der Bearbeitung der \u00fcber Sie erhobenen Daten durch Google in der zuvor beschriebenen Art <br>\nund Weise und zu dem zuvor benannten Zweck einverstanden.<\/p>\n\n\n\n<p>Sie k\u00f6nnen der Erhebung und Speicherung Ihrer Daten jederzeit <a href=\"http:\/\/tools.google.com\/dlpage\/gaoptout?hl=de\">widersprechen<\/a>.<\/p>\n","protected":false},"excerpt":{"rendered":"<p>Haftung f\u00fcr Inhalte Die Inhalte unserer Seiten wurden mit gr\u00f6\u00dfter Sorgfalt erstellt. F\u00fcr die Richtigkeit, Vollst\u00e4ndigkeit und Aktualit\u00e4t der Inhalte k\u00f6nnen wir jedoch keine Gew\u00e4hr \u00fcbernehmen. Als Diensteanbieter sind wir gem\u00e4\u00df \u00a7 7 Abs.1 TMG f\u00fcr eigene Inhalte auf diesen Seiten nach den allgemeinen Gesetzen verantwortlich. Nach \u00a7\u00a7 8 bis 10 TMG sind wir als&hellip; <br \/> <a class=\"read-more\" href=\"https:\/\/cloud.mso-hef.de\/obl-shop\/index.php\/datenschutzbelehrung\/\">Weiterlesen<\/a><\/p>\n","protected":false},"author":1,"featured_media":0,"parent":0,"menu_order":0,"comment_status":"closed","ping_status":"closed","template":"","meta":{"footnotes":""},"class_list":["post-27","page","type-page","status-publish","hentry"],"_links":{"self":[{"href":"https:\/\/cloud.mso-hef.de\/obl-shop\/index.php\/wp-json\/wp\/v2\/pages\/27","targetHints":{"allow":["GET"]}}],"collection":[{"href":"https:\/\/cloud.mso-hef.de\/obl-shop\/index.php\/wp-json\/wp\/v2\/pages"}],"about":[{"href":"https:\/\/cloud.mso-hef.de\/obl-shop\/index.php\/wp-json\/wp\/v2\/types\/page"}],"author":[{"embeddable":true,"href":"https:\/\/cloud.mso-hef.de\/obl-shop\/index.php\/wp-json\/wp\/v2\/users\/1"}],"replies":[{"embeddable":true,"href":"https:\/\/cloud.mso-hef.de\/obl-shop\/index.php\/wp-json\/wp\/v2\/comments?post=27"}],"version-history":[{"count":2,"href":"https:\/\/cloud.mso-hef.de\/obl-shop\/index.php\/wp-json\/wp\/v2\/pages\/27\/revisions"}],"predecessor-version":[{"id":361,"href":"https:\/\/cloud.mso-hef.de\/obl-shop\/index.php\/wp-json\/wp\/v2\/pages\/27\/revisions\/361"}],"wp:attachment":[{"href":"https:\/\/cloud.mso-hef.de\/obl-shop\/index.php\/wp-json\/wp\/v2\/media?parent=27"}],"curies":[{"name":"wp","href":"https:\/\/api.w.org\/{rel}","templated":true}]}}