{"id":147,"date":"2019-10-28T09:09:59","date_gmt":"2019-10-28T08:09:59","guid":{"rendered":"https:\/\/cloud.mso-hef.de\/obl-shop\/?page_id=147"},"modified":"2019-10-28T09:18:23","modified_gmt":"2019-10-28T08:18:23","slug":"die-uebungsfirma","status":"publish","type":"page","link":"https:\/\/cloud.mso-hef.de\/obl-shop\/index.php\/die-uebungsfirma\/","title":{"rendered":"Die \u00dcbungsfirma"},"content":{"rendered":"\n<p style=\"text-align:center\" class=\"has-medium-font-size\"><strong>\u00dcbungsfirma &#8222;Obersberger Landhausbau GmbH&#8220;<\/strong><\/p>\n\n\n\n<p style=\"text-align:center\" class=\"has-medium-font-size\">Die Obersberger Landhausbau GmbH ist als kaufm\u00e4nnische\nVerwaltung eines industriellen Fertigungsbetriebes konzipiert, der Garten- und\nSpielh\u00e4user, Gartenb\u00e4nke und -sitzgruppen, Pergolen und Carports sowie\nHolzbetten und Gartenservierwagen produziert. Eine Stabsabteilung \u201eRecht\u201c und\nzwei Tochterfirmen mit Holzspielwaren und Kinderm\u00f6bel sind vor einigen Jahren\ner\u00f6ffnet worden. <\/p>\n\n\n\n<p style=\"text-align:center\"><strong>Abteilung Kinderm\u00f6bel<\/strong><\/p>\n\n\n\n<p style=\"text-align:center\" class=\"has-medium-font-size\">In der Abteilung Kinderm\u00f6bel wird u. a. folgendes Angeboten:\nBaby- und Kinderzimmer, Hochst\u00fchle, Laufgitter, Spieltische und vieles mehr.<\/p>\n\n\n\n<p style=\"text-align:center\"><strong>Abteilung Holzspielwaren<\/strong><\/p>\n\n\n\n<p style=\"text-align:center\" class=\"has-medium-font-size\">In der Abteilung Holzspielwaren wird u. a. folgendes\nAngeboten: Puppenh\u00e4user, Kugelbahnen, Spiele, Kaufl\u00e4den und vieles mehr.<\/p>\n\n\n\n<p style=\"text-align:center\" class=\"has-medium-font-size\"><strong>Wir wollen zufriedene Kunden, die uns auch weiterempfehlen!<\/strong><\/p>\n\n\n\n<p style=\"text-align:center\" class=\"has-medium-font-size\"><strong>Obersberger Landhausbau GmbH<\/strong><\/p>\n\n\n\n<p style=\"text-align:center\" class=\"has-medium-font-size\">Am Obersberg 25<\/p>\n\n\n\n<p style=\"text-align:center\" class=\"has-medium-font-size\">36251 Bad Hersfeld<\/p>\n\n\n\n<p style=\"text-align:center\" class=\"has-medium-font-size\">Telefon: 06621 959435<\/p>\n\n\n\n<p style=\"text-align:center\" class=\"has-medium-font-size\">Fax: 06621 959416<\/p>\n\n\n\n<p style=\"text-align:center\" class=\"has-medium-font-size\">E-Mail: DE01OBL@zuef-edu.de<\/p>\n\n\n\n<p style=\"text-align:center\" class=\"has-medium-font-size\">Internet: cloud.mso-hef.de\/obl-shop<\/p>\n","protected":false},"excerpt":{"rendered":"<p>\u00dcbungsfirma &#8222;Obersberger Landhausbau GmbH&#8220; Die Obersberger Landhausbau GmbH ist als kaufm\u00e4nnische Verwaltung eines industriellen Fertigungsbetriebes konzipiert, der Garten- und Spielh\u00e4user, Gartenb\u00e4nke und -sitzgruppen, Pergolen und Carports sowie Holzbetten und Gartenservierwagen produziert. Eine Stabsabteilung \u201eRecht\u201c und zwei Tochterfirmen mit Holzspielwaren und Kinderm\u00f6bel sind vor einigen Jahren er\u00f6ffnet worden. Abteilung Kinderm\u00f6bel In der Abteilung Kinderm\u00f6bel wird u.&hellip; <br \/> <a class=\"read-more\" href=\"https:\/\/cloud.mso-hef.de\/obl-shop\/index.php\/die-uebungsfirma\/\">Weiterlesen<\/a><\/p>\n","protected":false},"author":2,"featured_media":0,"parent":0,"menu_order":0,"comment_status":"closed","ping_status":"closed","template":"","meta":{"footnotes":""},"class_list":["post-147","page","type-page","status-publish","hentry"],"_links":{"self":[{"href":"https:\/\/cloud.mso-hef.de\/obl-shop\/index.php\/wp-json\/wp\/v2\/pages\/147","targetHints":{"allow":["GET"]}}],"collection":[{"href":"https:\/\/cloud.mso-hef.de\/obl-shop\/index.php\/wp-json\/wp\/v2\/pages"}],"about":[{"href":"https:\/\/cloud.mso-hef.de\/obl-shop\/index.php\/wp-json\/wp\/v2\/types\/page"}],"author":[{"embeddable":true,"href":"https:\/\/cloud.mso-hef.de\/obl-shop\/index.php\/wp-json\/wp\/v2\/users\/2"}],"replies":[{"embeddable":true,"href":"https:\/\/cloud.mso-hef.de\/obl-shop\/index.php\/wp-json\/wp\/v2\/comments?post=147"}],"version-history":[{"count":6,"href":"https:\/\/cloud.mso-hef.de\/obl-shop\/index.php\/wp-json\/wp\/v2\/pages\/147\/revisions"}],"predecessor-version":[{"id":155,"href":"https:\/\/cloud.mso-hef.de\/obl-shop\/index.php\/wp-json\/wp\/v2\/pages\/147\/revisions\/155"}],"wp:attachment":[{"href":"https:\/\/cloud.mso-hef.de\/obl-shop\/index.php\/wp-json\/wp\/v2\/media?parent=147"}],"curies":[{"name":"wp","href":"https:\/\/api.w.org\/{rel}","templated":true}]}}